{"id":4766,"date":"2026-03-19T09:48:52","date_gmt":"2026-03-19T14:48:52","guid":{"rendered":"https:\/\/portalalcala.com\/?page_id=4766"},"modified":"2026-03-24T12:16:46","modified_gmt":"2026-03-24T17:16:46","slug":"privacidad","status":"publish","type":"page","link":"https:\/\/portalalcala.com\/index.php\/privacidad\/","title":{"rendered":"Privacidad"},"content":{"rendered":"\t\t<div data-elementor-type=\"wp-page\" data-elementor-id=\"4766\" class=\"elementor elementor-4766\" data-elementor-post-type=\"page\">\n\t\t\t\t<div class=\"elementor-element elementor-element-91645f8 e-con-full e-flex e-con e-parent\" data-id=\"91645f8\" data-element_type=\"container\" data-settings=\"{&quot;background_background&quot;:&quot;classic&quot;}\">\n\t\t\t\t<div class=\"elementor-element elementor-element-ea34cc3 elementor-widget__width-initial elementor-widget elementor-widget-heading\" data-id=\"ea34cc3\" data-element_type=\"widget\" data-widget_type=\"heading.default\">\n\t\t\t\t<div class=\"elementor-widget-container\">\n\t\t\t\t\t<h1 class=\"elementor-heading-title elementor-size-default\">Aviso de Privacidad<\/h1>\t\t\t\t<\/div>\n\t\t\t\t<\/div>\n\t\t\t\t<\/div>\n\t\t<div class=\"elementor-element elementor-element-ebb7a37 e-con-full e-flex e-con e-parent\" data-id=\"ebb7a37\" data-element_type=\"container\">\n\t\t<div class=\"elementor-element elementor-element-63a23b2 e-con-full e-flex e-con e-child\" data-id=\"63a23b2\" data-element_type=\"container\" data-settings=\"{&quot;background_background&quot;:&quot;classic&quot;}\">\n\t\t\t\t<div class=\"elementor-element elementor-element-83be666 elementor-widget elementor-widget-text-editor\" data-id=\"83be666\" data-element_type=\"widget\" data-widget_type=\"text-editor.default\">\n\t\t\t\t<div class=\"elementor-widget-container\">\n\t\t\t\t\t\t\t\t\t<p><strong>Por medio de este Aviso de Privacidad, DESARROLLOS Y SERVICIOS LA ISLA, LIMITADA, en adelante \u201cLa Sociedad\u201d, <\/strong>con domicilio en Calle El Espino, N\u00b0. 10, distrito de San Salvador, municipio de San Salvador Centro, departamento de San Salvador, le informa que es la <strong><em>\u201cResponsable\u201d <\/em><\/strong>del tratamiento de los datos personales que nos proporciona como cliente, inquilino, proveedor, contratista, colaborador o persona interesada en una vacante laboral (en adelante \u201cUsted\u201d).<\/p><p>Recibimos su informaci\u00f3n cuando realiza reservas o compras de inmuebles; arrienda nuestros locales comerciales; nos ofrece o provee productos o servicios; o participa en nuestros procesos de selecci\u00f3n de personal. Estos datos pueden ser recolectados por medios digitales (aplicaciones m\u00f3viles, sitios web, correos electr\u00f3nicos, entre otros) telef\u00f3nicos o de forma presencial.\u00a0<\/p><p>La Sociedad reconoce la importancia de proteger la privacidad y confidencialidad de su informaci\u00f3n, incluyendo aquellos datos considerados sensibles. Por ello, ponemos a su disposici\u00f3n este Aviso de Privacidad, elaborado conforme a la Ley para la Protecci\u00f3n de Datos Personales y nuestra Pol\u00edtica de Privacidad.<\/p>\t\t\t\t\t\t\t\t<\/div>\n\t\t\t\t<\/div>\n\t\t\t\t<div class=\"elementor-element elementor-element-9275f8e elementor-widget-divider--view-line elementor-widget elementor-widget-divider\" data-id=\"9275f8e\" data-element_type=\"widget\" data-widget_type=\"divider.default\">\n\t\t\t\t<div class=\"elementor-widget-container\">\n\t\t\t\t\t\t\t<div class=\"elementor-divider\">\n\t\t\t<span class=\"elementor-divider-separator\">\n\t\t\t\t\t\t<\/span>\n\t\t<\/div>\n\t\t\t\t\t\t<\/div>\n\t\t\t\t<\/div>\n\t\t\t\t<div class=\"elementor-element elementor-element-f09a7ef elementor-widget elementor-widget-heading\" data-id=\"f09a7ef\" data-element_type=\"widget\" data-widget_type=\"heading.default\">\n\t\t\t\t<div class=\"elementor-widget-container\">\n\t\t\t\t\t<h4 class=\"elementor-heading-title elementor-size-default\">1.  Datos personales que recolectamos<\/h4>\t\t\t\t<\/div>\n\t\t\t\t<\/div>\n\t\t\t\t<div class=\"elementor-element elementor-element-ae55144 elementor-widget elementor-widget-text-editor\" data-id=\"ae55144\" data-element_type=\"widget\" data-widget_type=\"text-editor.default\">\n\t\t\t\t<div class=\"elementor-widget-container\">\n\t\t\t\t\t\t\t\t\t<ul><li><strong>Datos Personales.<\/strong> Recolectamos aquellos datos que nos permiten identificarlo. Por ejemplo: Nombre, nacionalidad, tipo y n\u00famero de documento de identidad, direcci\u00f3n de residencia, correo electr\u00f3nico, tel\u00e9fono, entre otros. No se tratar\u00e1n como datos personales aquellos que no permitan identificarlo o localizarlo.<\/li><\/ul><p>\u00a0<\/p><ul><li><strong>Datos Personales Sensibles.<\/strong> En determinados casos, podremos solicitar datos personales sensibles, a manera enunciativa y no limitativa, datos de salud, datos biom\u00e9tricos, entre otros. Dichos datos \u00fanicamente ser\u00e1n recabados cuando resulten estrictamente necesarios para las finalidades informadas, y siempre con el consentimiento expreso del titular, conforme a la Ley para la Protecci\u00f3n de Datos Personales.<\/li><\/ul>\t\t\t\t\t\t\t\t<\/div>\n\t\t\t\t<\/div>\n\t\t\t\t<div class=\"elementor-element elementor-element-92a9937 elementor-widget-divider--view-line elementor-widget elementor-widget-divider\" data-id=\"92a9937\" data-element_type=\"widget\" data-widget_type=\"divider.default\">\n\t\t\t\t<div class=\"elementor-widget-container\">\n\t\t\t\t\t\t\t<div class=\"elementor-divider\">\n\t\t\t<span class=\"elementor-divider-separator\">\n\t\t\t\t\t\t<\/span>\n\t\t<\/div>\n\t\t\t\t\t\t<\/div>\n\t\t\t\t<\/div>\n\t\t\t\t<div class=\"elementor-element elementor-element-4f49fb9 elementor-widget elementor-widget-heading\" data-id=\"4f49fb9\" data-element_type=\"widget\" data-widget_type=\"heading.default\">\n\t\t\t\t<div class=\"elementor-widget-container\">\n\t\t\t\t\t<h2 class=\"elementor-heading-title elementor-size-default\">2.  Forma de recolecci\u00f3n de datos personales<\/h2>\t\t\t\t<\/div>\n\t\t\t\t<\/div>\n\t\t\t\t<div class=\"elementor-element elementor-element-8a7295e elementor-widget elementor-widget-text-editor\" data-id=\"8a7295e\" data-element_type=\"widget\" data-widget_type=\"text-editor.default\">\n\t\t\t\t<div class=\"elementor-widget-container\">\n\t\t\t\t\t\t\t\t\t<p>Sus datos personales pueden ser recolectados cuando: Realiza un proceso para la adquisici\u00f3n de inmuebles entendi\u00e9ndose como: reservas o compras de inmuebles; arrienda nuestros locales comerciales; nos ofrece o provee productos o servicios; participa en procesos de selecci\u00f3n de personal; navega, se registra y utiliza nuestro portal web o aplicaciones m\u00f3viles y\/o canales digitales; se suscribe a recibir comunicaciones comerciales; nos contacta por tel\u00e9fono, correo electr\u00f3nico o de forma presencial en nuestras oficinas administrativas o salas de ventas.\u00a0<\/p>\t\t\t\t\t\t\t\t<\/div>\n\t\t\t\t<\/div>\n\t\t\t\t<div class=\"elementor-element elementor-element-6c2f3c7 elementor-widget-divider--view-line elementor-widget elementor-widget-divider\" data-id=\"6c2f3c7\" data-element_type=\"widget\" data-widget_type=\"divider.default\">\n\t\t\t\t<div class=\"elementor-widget-container\">\n\t\t\t\t\t\t\t<div class=\"elementor-divider\">\n\t\t\t<span class=\"elementor-divider-separator\">\n\t\t\t\t\t\t<\/span>\n\t\t<\/div>\n\t\t\t\t\t\t<\/div>\n\t\t\t\t<\/div>\n\t\t\t\t<div class=\"elementor-element elementor-element-b46882f elementor-widget elementor-widget-heading\" data-id=\"b46882f\" data-element_type=\"widget\" data-widget_type=\"heading.default\">\n\t\t\t\t<div class=\"elementor-widget-container\">\n\t\t\t\t\t<h2 class=\"elementor-heading-title elementor-size-default\">3.  Transferencia de datos personales<\/h2>\t\t\t\t<\/div>\n\t\t\t\t<\/div>\n\t\t\t\t<div class=\"elementor-element elementor-element-585a266 elementor-widget elementor-widget-text-editor\" data-id=\"585a266\" data-element_type=\"widget\" data-widget_type=\"text-editor.default\">\n\t\t\t\t<div class=\"elementor-widget-container\">\n\t\t\t\t\t\t\t\t\t<p>Los datos personales objeto de tratamiento podr\u00e1n ser transferidos exclusivamente para el cumplimiento de finalidades directamente relacionadas con las actividades de la Sociedad o con el inter\u00e9s leg\u00edtimo del titular.<\/p><p>Cuando sea necesario transferir datos personales a terceros, se suscribir\u00e1n acuerdos de confidencialidad y de transferencia de datos que contendr\u00e1n como m\u00ednimo, obligaciones equivalentes a las que la Sociedad se encuentra sujeta de conformidad con la Ley para la Protecci\u00f3n de Datos Personales.<\/p><p>En todo caso, dichas transferencias se realizar\u00e1n con el consentimiento previo, libre e informado del titular, salvo que exista una base legal o excepci\u00f3n prevista en la normativa aplicable que autorice la transferencia sin dicho consentimiento.<\/p>\t\t\t\t\t\t\t\t<\/div>\n\t\t\t\t<\/div>\n\t\t\t\t<div class=\"elementor-element elementor-element-4f08ebd elementor-widget-divider--view-line elementor-widget elementor-widget-divider\" data-id=\"4f08ebd\" data-element_type=\"widget\" data-widget_type=\"divider.default\">\n\t\t\t\t<div class=\"elementor-widget-container\">\n\t\t\t\t\t\t\t<div class=\"elementor-divider\">\n\t\t\t<span class=\"elementor-divider-separator\">\n\t\t\t\t\t\t<\/span>\n\t\t<\/div>\n\t\t\t\t\t\t<\/div>\n\t\t\t\t<\/div>\n\t\t\t\t<div class=\"elementor-element elementor-element-202684e elementor-widget elementor-widget-heading\" data-id=\"202684e\" data-element_type=\"widget\" data-widget_type=\"heading.default\">\n\t\t\t\t<div class=\"elementor-widget-container\">\n\t\t\t\t\t<h2 class=\"elementor-heading-title elementor-size-default\">4.  Base legal que nos faculta<\/h2>\t\t\t\t<\/div>\n\t\t\t\t<\/div>\n\t\t\t\t<div class=\"elementor-element elementor-element-e56c0e4 elementor-widget elementor-widget-text-editor\" data-id=\"e56c0e4\" data-element_type=\"widget\" data-widget_type=\"text-editor.default\">\n\t\t\t\t<div class=\"elementor-widget-container\">\n\t\t\t\t\t\t\t\t\t<p>Tratamos sus datos personales conforme a la Ley para la Protecci\u00f3n de Datos Personales de El Salvador, las Pol\u00edticas de Actuaci\u00f3n y Manejo de Datos Personales emitidos por la Agencia de Ciberseguridad del Estado (ACE).<\/p>\t\t\t\t\t\t\t\t<\/div>\n\t\t\t\t<\/div>\n\t\t\t\t<div class=\"elementor-element elementor-element-ec7570b elementor-widget-divider--view-line elementor-widget elementor-widget-divider\" data-id=\"ec7570b\" data-element_type=\"widget\" data-widget_type=\"divider.default\">\n\t\t\t\t<div class=\"elementor-widget-container\">\n\t\t\t\t\t\t\t<div class=\"elementor-divider\">\n\t\t\t<span class=\"elementor-divider-separator\">\n\t\t\t\t\t\t<\/span>\n\t\t<\/div>\n\t\t\t\t\t\t<\/div>\n\t\t\t\t<\/div>\n\t\t\t\t<div class=\"elementor-element elementor-element-7a6f998 elementor-widget elementor-widget-heading\" data-id=\"7a6f998\" data-element_type=\"widget\" data-widget_type=\"heading.default\">\n\t\t\t\t<div class=\"elementor-widget-container\">\n\t\t\t\t\t<h2 class=\"elementor-heading-title elementor-size-default\">5.   Consentimiento y finalidades del tratamiento<\/h2>\t\t\t\t<\/div>\n\t\t\t\t<\/div>\n\t\t\t\t<div class=\"elementor-element elementor-element-5ffc828 elementor-widget elementor-widget-text-editor\" data-id=\"5ffc828\" data-element_type=\"widget\" data-widget_type=\"text-editor.default\">\n\t\t\t\t<div class=\"elementor-widget-container\">\n\t\t\t\t\t\t\t\t\t<p><strong>A). No requieren consentimiento expreso:<\/strong><\/p><ul><li>Ejecuci\u00f3n de un contrato o medidas precontractuales: Registro como cliente, inquilino, proveedor, colaborador o en proceso de selecci\u00f3n.<\/li><li>Cumplimiento de obligaciones legales: Obligaciones que, por ministerio de ley, la Sociedad deba cumplir, de manera enunciativa m\u00e1s no limitativa pueden ser: fiscales, contables, laborales, de seguridad social, prevenci\u00f3n de riesgos laborales, incluyendo las derivadas de la normativa de Prevenci\u00f3n de Lavado de Activos, Financiamiento al Terrorismo y Proliferaci\u00f3n de Armas de Destrucci\u00f3n Masiva.<\/li><li>Seguridad f\u00edsica y tecnol\u00f3gica: Control de accesos, videovigilancia, monitoreo de instalaciones, administraci\u00f3n de sistemas y cualquier otra medida para garantizar la seguridad de las personas.<\/li><li>Gesti\u00f3n administrativa y operativa interna: Procesamiento de solicitudes y gesti\u00f3n operativa a trav\u00e9s de plataformas tecnol\u00f3gicas utilizadas por la Sociedad, necesarias para la continuidad operativa.<\/li><\/ul><p>\u00a0<\/p><p><strong>B). Requieren el consentimiento expreso del titular:<\/strong><\/p><ul><li>Comunicaciones comerciales y promocionales: env\u00edo de ofertas, campa\u00f1as, informaci\u00f3n publicitaria por correo electr\u00f3nico, mensajes de texto o redes sociales y\/o canales digitales.<\/li><li>Estudios de mercado: encuestas de satisfacci\u00f3n y an\u00e1lisis estad\u00edsticos para optimizar productos y procesos;<\/li><li>Gesti\u00f3n de beneficios y prestaciones adicionales: Como seguros de vida o de gastos m\u00e9dicos u otros beneficios que puedan requerir datos sensibles.<\/li><\/ul>\t\t\t\t\t\t\t\t<\/div>\n\t\t\t\t<\/div>\n\t\t\t\t<div class=\"elementor-element elementor-element-f359a10 elementor-widget-divider--view-line elementor-widget elementor-widget-divider\" data-id=\"f359a10\" data-element_type=\"widget\" data-widget_type=\"divider.default\">\n\t\t\t\t<div class=\"elementor-widget-container\">\n\t\t\t\t\t\t\t<div class=\"elementor-divider\">\n\t\t\t<span class=\"elementor-divider-separator\">\n\t\t\t\t\t\t<\/span>\n\t\t<\/div>\n\t\t\t\t\t\t<\/div>\n\t\t\t\t<\/div>\n\t\t\t\t<div class=\"elementor-element elementor-element-e5247a0 elementor-widget elementor-widget-heading\" data-id=\"e5247a0\" data-element_type=\"widget\" data-widget_type=\"heading.default\">\n\t\t\t\t<div class=\"elementor-widget-container\">\n\t\t\t\t\t<h2 class=\"elementor-heading-title elementor-size-default\">6.   Nombre del delegado y mecanismos para el ejercicio derechos ARCO-POL<\/h2>\t\t\t\t<\/div>\n\t\t\t\t<\/div>\n\t\t\t\t<div class=\"elementor-element elementor-element-8c46ba1 elementor-widget elementor-widget-text-editor\" data-id=\"8c46ba1\" data-element_type=\"widget\" data-widget_type=\"text-editor.default\">\n\t\t\t\t<div class=\"elementor-widget-container\">\n\t\t\t\t\t\t\t\t\t<p>Usted puede ejercer sus derechos de <strong>Acceso, Rectificaci\u00f3n, Cancelaci\u00f3n, Olvido, Portabilidad, Oposici\u00f3n y Limitaci\u00f3n del tratamiento<\/strong>, mediante cualquiera de las siguientes opciones:<\/p><p><strong>A). Solicitud escrita,<\/strong> que contenga como m\u00ednimo:<\/p><ul><li>Nombre completo del titular o su representante;<\/li><li>Medio para recibir notificaciones;<\/li><li>Descripci\u00f3n clara del derecho que desea ejercer;<\/li><li>Firma del titular o del representante.<\/li><\/ul><p>\u00a0<\/p><p><strong>B). Formularios<\/strong> para el ejercicio de derechos, disponibles en el sitio web de la Sociedad: <a href=\"https:\/\/www.urbanica.com.sv\">urbanica.com.sv<\/a><\/p><p><strong>C).<\/strong> La presentaci\u00f3n de la solicitud del ejercicio de los derechos ARCO-POL deber\u00e1 realizarse al delegado de protecci\u00f3n de datos personales a trav\u00e9s del correo <a href=\"mailto:tratamientodedatos@urbanica.com.sv\"><strong>tratamientodatos@urbanica.com.sv<\/strong><\/a> o presentarse en las oficinas administrativas ubicadas en <strong>Calle El Espino, N\u00b0. 10, Distrito de San Salvador, municipio de San Salvador Centro, departamento de San Salvador. <\/strong><\/p><p><strong>D).<\/strong> El Delegado de Protecci\u00f3n de Datos personales es<strong>: Licenciado Ernesto Alexander Quintanar Hern\u00e1ndez, <\/strong>quien ser\u00e1 el responsable de recibir, tramitar y dar respuesta a las solicitudes presentadas.<\/p><p><strong>E).<\/strong> En algunos casos y cuando lo permita la ley, el Delegado de Protecci\u00f3n de Datos Personales podr\u00e1 denegar el acceso a los datos personales o a realizar la rectificaci\u00f3n, cancelaci\u00f3n, portabilidad, olvido o conceder la oposici\u00f3n o limitaci\u00f3n al tratamiento de estos.<\/p><p><strong>F).<\/strong> Asimismo, para revocar el consentimiento debe presentar escrito dirigido al Delegado de Protecci\u00f3n de Datos personales o por medio del formulario que la Sociedad disponga para tal efecto, debiendo ser enviado al correo electr\u00f3nico antes descrito o acudiendo a las oficinas administrativas de la Sociedad.<\/p>\t\t\t\t\t\t\t\t<\/div>\n\t\t\t\t<\/div>\n\t\t\t\t<div class=\"elementor-element elementor-element-0545082 elementor-widget-divider--view-line elementor-widget elementor-widget-divider\" data-id=\"0545082\" data-element_type=\"widget\" data-widget_type=\"divider.default\">\n\t\t\t\t<div class=\"elementor-widget-container\">\n\t\t\t\t\t\t\t<div class=\"elementor-divider\">\n\t\t\t<span class=\"elementor-divider-separator\">\n\t\t\t\t\t\t<\/span>\n\t\t<\/div>\n\t\t\t\t\t\t<\/div>\n\t\t\t\t<\/div>\n\t\t\t\t<div class=\"elementor-element elementor-element-f4451d9 elementor-widget elementor-widget-heading\" data-id=\"f4451d9\" data-element_type=\"widget\" data-widget_type=\"heading.default\">\n\t\t\t\t<div class=\"elementor-widget-container\">\n\t\t\t\t\t<h2 class=\"elementor-heading-title elementor-size-default\">7.    Tiempo de conservaci\u00f3n<\/h2>\t\t\t\t<\/div>\n\t\t\t\t<\/div>\n\t\t\t\t<div class=\"elementor-element elementor-element-a7365a7 elementor-widget elementor-widget-text-editor\" data-id=\"a7365a7\" data-element_type=\"widget\" data-widget_type=\"text-editor.default\">\n\t\t\t\t<div class=\"elementor-widget-container\">\n\t\t\t\t\t\t\t\t\t<p>Los datos se conservar\u00e1n \u00fanicamente durante el tiempo necesario para cumplir las finalidades informadas y seg\u00fan lo permita la ley, le recordamos que Usted podr\u00e1 solicitar la rectificaci\u00f3n u oposici\u00f3n para el tratamiento y\/o uso o divulgaci\u00f3n de sus datos personales en el momento que lo considere pertinente siempre que resulte procedente.<\/p>\t\t\t\t\t\t\t\t<\/div>\n\t\t\t\t<\/div>\n\t\t\t\t<div class=\"elementor-element elementor-element-a6de99c elementor-widget-divider--view-line elementor-widget elementor-widget-divider\" data-id=\"a6de99c\" data-element_type=\"widget\" data-widget_type=\"divider.default\">\n\t\t\t\t<div class=\"elementor-widget-container\">\n\t\t\t\t\t\t\t<div class=\"elementor-divider\">\n\t\t\t<span class=\"elementor-divider-separator\">\n\t\t\t\t\t\t<\/span>\n\t\t<\/div>\n\t\t\t\t\t\t<\/div>\n\t\t\t\t<\/div>\n\t\t\t\t<div class=\"elementor-element elementor-element-8771ca7 elementor-widget elementor-widget-heading\" data-id=\"8771ca7\" data-element_type=\"widget\" data-widget_type=\"heading.default\">\n\t\t\t\t<div class=\"elementor-widget-container\">\n\t\t\t\t\t<h2 class=\"elementor-heading-title elementor-size-default\">8.\u00a0 Actualizaci\u00f3n del Aviso de Privacidad<\/h2>\t\t\t\t<\/div>\n\t\t\t\t<\/div>\n\t\t\t\t<div class=\"elementor-element elementor-element-cbfc942 elementor-widget elementor-widget-text-editor\" data-id=\"cbfc942\" data-element_type=\"widget\" data-widget_type=\"text-editor.default\">\n\t\t\t\t<div class=\"elementor-widget-container\">\n\t\t\t\t\t\t\t\t\t<p>En caso de realizar cambios importantes los publicaremos en el portal web y en las instalaciones de la sociedad. La fecha de la \u00faltima actualizaci\u00f3n se indicar\u00e1 al final del presente Aviso.<\/p>\t\t\t\t\t\t\t\t<\/div>\n\t\t\t\t<\/div>\n\t\t\t\t<div class=\"elementor-element elementor-element-4e8c892 elementor-widget-divider--view-line elementor-widget elementor-widget-divider\" data-id=\"4e8c892\" data-element_type=\"widget\" data-widget_type=\"divider.default\">\n\t\t\t\t<div class=\"elementor-widget-container\">\n\t\t\t\t\t\t\t<div class=\"elementor-divider\">\n\t\t\t<span class=\"elementor-divider-separator\">\n\t\t\t\t\t\t<\/span>\n\t\t<\/div>\n\t\t\t\t\t\t<\/div>\n\t\t\t\t<\/div>\n\t\t\t\t<div class=\"elementor-element elementor-element-8982468 elementor-widget elementor-widget-heading\" data-id=\"8982468\" data-element_type=\"widget\" data-widget_type=\"heading.default\">\n\t\t\t\t<div class=\"elementor-widget-container\">\n\t\t\t\t\t<h2 class=\"elementor-heading-title elementor-size-default\">9.\u00a0 Entidad subcontratada encargada del tratamiento de datos personales<\/h2>\t\t\t\t<\/div>\n\t\t\t\t<\/div>\n\t\t\t\t<div class=\"elementor-element elementor-element-5a3ce8c elementor-widget elementor-widget-text-editor\" data-id=\"5a3ce8c\" data-element_type=\"widget\" data-widget_type=\"text-editor.default\">\n\t\t\t\t<div class=\"elementor-widget-container\">\n\t\t\t\t\t\t\t\t\t<p>La Sociedad podr\u00e1 contratar a terceros para la prestaci\u00f3n de servicios que demanden el tratamiento de datos personales, en caso de realizarlo, se les requerir\u00e1 suscribir un acuerdo de confidencialidad y de transferencia de datos personales que contendr\u00e1n como m\u00ednimo, obligaciones equivalentes a las que la sociedad se encuentra sujeta de conformidad a lo dispuesto en la Ley para la Protecci\u00f3n de Datos Personales. En caso de contratar tales servicios, se informar\u00e1 oportunamente de la existencia del encargado del tratamiento al titular de los datos personales.<\/p>\t\t\t\t\t\t\t\t<\/div>\n\t\t\t\t<\/div>\n\t\t\t\t<div class=\"elementor-element elementor-element-f8e7222 elementor-widget-divider--view-line elementor-widget elementor-widget-divider\" data-id=\"f8e7222\" data-element_type=\"widget\" data-widget_type=\"divider.default\">\n\t\t\t\t<div class=\"elementor-widget-container\">\n\t\t\t\t\t\t\t<div class=\"elementor-divider\">\n\t\t\t<span class=\"elementor-divider-separator\">\n\t\t\t\t\t\t<\/span>\n\t\t<\/div>\n\t\t\t\t\t\t<\/div>\n\t\t\t\t<\/div>\n\t\t\t\t<div class=\"elementor-element elementor-element-956f245 elementor-widget elementor-widget-heading\" data-id=\"956f245\" data-element_type=\"widget\" data-widget_type=\"heading.default\">\n\t\t\t\t<div class=\"elementor-widget-container\">\n\t\t\t\t\t<h2 class=\"elementor-heading-title elementor-size-default\">10.\u00a0  Uso de cookies<\/h2>\t\t\t\t<\/div>\n\t\t\t\t<\/div>\n\t\t\t\t<div class=\"elementor-element elementor-element-b4906af elementor-widget elementor-widget-text-editor\" data-id=\"b4906af\" data-element_type=\"widget\" data-widget_type=\"text-editor.default\">\n\t\t\t\t<div class=\"elementor-widget-container\">\n\t\t\t\t\t\t\t\t\t<p>Nuestro sitio web puede utilizar cookies para mejorar su experiencia, guardar preferencias o analizar el uso del sitio. Cuando usemos cookies de an\u00e1lisis o publicidad, solicitaremos su consentimiento. Usted puede desactivar las cookies desde su navegador en cualquier momento.\u00a0<\/p>\t\t\t\t\t\t\t\t<\/div>\n\t\t\t\t<\/div>\n\t\t\t\t<\/div>\n\t\t\t\t<\/div>\n\t\t\t\t<\/div>\n\t\t","protected":false},"excerpt":{"rendered":"<p>Aviso de Privacidad Por medio de este Aviso de Privacidad, DESARROLLOS Y SERVICIOS LA ISLA, LIMITADA, en adelante \u201cLa Sociedad\u201d, con domicilio en Calle El Espino, N\u00b0. 10, distrito de San Salvador, municipio de San Salvador Centro, departamento de San Salvador, le informa que es la \u201cResponsable\u201d del tratamiento de los datos personales que nos [&hellip;]<\/p>\n","protected":false},"author":1,"featured_media":0,"parent":0,"menu_order":0,"comment_status":"closed","ping_status":"closed","template":"","meta":{"footnotes":""},"class_list":["post-4766","page","type-page","status-publish","hentry"],"_links":{"self":[{"href":"https:\/\/portalalcala.com\/index.php\/wp-json\/wp\/v2\/pages\/4766","targetHints":{"allow":["GET"]}}],"collection":[{"href":"https:\/\/portalalcala.com\/index.php\/wp-json\/wp\/v2\/pages"}],"about":[{"href":"https:\/\/portalalcala.com\/index.php\/wp-json\/wp\/v2\/types\/page"}],"author":[{"embeddable":true,"href":"https:\/\/portalalcala.com\/index.php\/wp-json\/wp\/v2\/users\/1"}],"replies":[{"embeddable":true,"href":"https:\/\/portalalcala.com\/index.php\/wp-json\/wp\/v2\/comments?post=4766"}],"version-history":[{"count":19,"href":"https:\/\/portalalcala.com\/index.php\/wp-json\/wp\/v2\/pages\/4766\/revisions"}],"predecessor-version":[{"id":4839,"href":"https:\/\/portalalcala.com\/index.php\/wp-json\/wp\/v2\/pages\/4766\/revisions\/4839"}],"wp:attachment":[{"href":"https:\/\/portalalcala.com\/index.php\/wp-json\/wp\/v2\/media?parent=4766"}],"curies":[{"name":"wp","href":"https:\/\/api.w.org\/{rel}","templated":true}]}}