{"id":4742,"date":"2026-03-19T09:28:12","date_gmt":"2026-03-19T14:28:12","guid":{"rendered":"https:\/\/portalalcala.com\/?page_id=4742"},"modified":"2026-03-24T12:47:41","modified_gmt":"2026-03-24T17:47:41","slug":"aviso-de-privacidad","status":"publish","type":"page","link":"https:\/\/portalalcala.com\/index.php\/aviso-de-privacidad\/","title":{"rendered":"Aviso de privacidad"},"content":{"rendered":"\t\t<div data-elementor-type=\"wp-page\" data-elementor-id=\"4742\" class=\"elementor elementor-4742\" data-elementor-post-type=\"page\">\n\t\t\t\t<div class=\"elementor-element elementor-element-053466c e-con-full e-flex e-con e-parent\" data-id=\"053466c\" data-element_type=\"container\" data-settings=\"{&quot;background_background&quot;:&quot;classic&quot;}\">\n\t\t\t\t<div class=\"elementor-element elementor-element-ba37fdc elementor-widget__width-initial elementor-widget elementor-widget-heading\" data-id=\"ba37fdc\" data-element_type=\"widget\" data-widget_type=\"heading.default\">\n\t\t\t\t<div class=\"elementor-widget-container\">\n\t\t\t\t\t<h1 class=\"elementor-heading-title elementor-size-default\">Pasos para el ejercicio \n<br>de derechos ARCO-POL<\/h1>\t\t\t\t<\/div>\n\t\t\t\t<\/div>\n\t\t\t\t<div class=\"elementor-element elementor-element-df1034d elementor-widget elementor-widget-button\" data-id=\"df1034d\" data-element_type=\"widget\" data-widget_type=\"button.default\">\n\t\t\t\t<div class=\"elementor-widget-container\">\n\t\t\t\t\t\t\t\t\t<div class=\"elementor-button-wrapper\">\n\t\t\t\t\t<a class=\"elementor-button elementor-button-link elementor-size-sm\" href=\"https:\/\/portalalcala.com\/index.php\/privacidad\/\">\n\t\t\t\t\t\t<span class=\"elementor-button-content-wrapper\">\n\t\t\t\t\t\t\t\t\t<span class=\"elementor-button-text\">AVISO DE PRIVACIDAD<\/span>\n\t\t\t\t\t<\/span>\n\t\t\t\t\t<\/a>\n\t\t\t\t<\/div>\n\t\t\t\t\t\t\t\t<\/div>\n\t\t\t\t<\/div>\n\t\t\t\t<\/div>\n\t\t<div class=\"elementor-element elementor-element-d94ca78 e-con-full e-flex e-con e-parent\" data-id=\"d94ca78\" data-element_type=\"container\" data-settings=\"{&quot;background_background&quot;:&quot;classic&quot;}\">\n\t\t<div class=\"elementor-element elementor-element-753ea1c e-grid e-con-full e-con e-child\" data-id=\"753ea1c\" data-element_type=\"container\">\n\t\t<div class=\"elementor-element elementor-element-addc102 e-con-full e-flex e-con e-child\" data-id=\"addc102\" data-element_type=\"container\" data-settings=\"{&quot;background_background&quot;:&quot;classic&quot;}\">\n\t\t\t\t<div class=\"elementor-element elementor-element-186bb3b elementor-absolute elementor-widget elementor-widget-text-editor\" data-id=\"186bb3b\" data-element_type=\"widget\" data-settings=\"{&quot;_position&quot;:&quot;absolute&quot;}\" data-widget_type=\"text-editor.default\">\n\t\t\t\t<div class=\"elementor-widget-container\">\n\t\t\t\t\t\t\t\t\t<p>1<\/p>\t\t\t\t\t\t\t\t<\/div>\n\t\t\t\t<\/div>\n\t\t\t\t<div class=\"elementor-element elementor-element-5ef59bb elementor-view-default elementor-widget elementor-widget-icon\" data-id=\"5ef59bb\" data-element_type=\"widget\" data-widget_type=\"icon.default\">\n\t\t\t\t<div class=\"elementor-widget-container\">\n\t\t\t\t\t\t\t<div class=\"elementor-icon-wrapper\">\n\t\t\t<div class=\"elementor-icon\">\n\t\t\t<svg xmlns=\"http:\/\/www.w3.org\/2000\/svg\" width=\"53\" height=\"59\" viewBox=\"0 0 53 59\" fill=\"none\"><path d=\"M29.1667 29.1667H37.9167L26.25 40.8333L14.5833 29.1667H23.3333V17.5H29.1667V29.1667ZM35 5.83333H5.83333V52.5H46.6667V17.5H35V5.83333ZM0 2.89275C0 1.29515 1.30518 0 2.91229 0H37.9167L52.4991 14.5833L52.5 55.3948C52.5 57.0176 51.2024 58.3333 49.6026 58.3333H2.89742C1.29722 58.3333 0 57.0054 0 55.4406V2.89275Z\" fill=\"#3F4A2D\"><\/path><\/svg>\t\t\t<\/div>\n\t\t<\/div>\n\t\t\t\t\t\t<\/div>\n\t\t\t\t<\/div>\n\t\t\t\t<div class=\"elementor-element elementor-element-d1f150e elementor-widget elementor-widget-text-editor\" data-id=\"d1f150e\" data-element_type=\"widget\" data-widget_type=\"text-editor.default\">\n\t\t\t\t<div class=\"elementor-widget-container\">\n\t\t\t\t\t\t\t\t\t<p style=\"text-align: center;\"><strong>Descargar el formulario<\/strong> correspondiente al derecho que pretende ejercer.<\/p>\t\t\t\t\t\t\t\t<\/div>\n\t\t\t\t<\/div>\n\t\t\t\t<\/div>\n\t\t<div class=\"elementor-element elementor-element-816de49 e-con-full e-flex e-con e-child\" data-id=\"816de49\" data-element_type=\"container\" data-settings=\"{&quot;background_background&quot;:&quot;classic&quot;}\">\n\t\t\t\t<div class=\"elementor-element elementor-element-9342724 elementor-absolute elementor-widget elementor-widget-text-editor\" data-id=\"9342724\" data-element_type=\"widget\" data-settings=\"{&quot;_position&quot;:&quot;absolute&quot;}\" data-widget_type=\"text-editor.default\">\n\t\t\t\t<div class=\"elementor-widget-container\">\n\t\t\t\t\t\t\t\t\t<p>2<\/p>\t\t\t\t\t\t\t\t<\/div>\n\t\t\t\t<\/div>\n\t\t\t\t<div class=\"elementor-element elementor-element-6c67b8b elementor-view-default elementor-widget elementor-widget-icon\" data-id=\"6c67b8b\" data-element_type=\"widget\" data-widget_type=\"icon.default\">\n\t\t\t\t<div class=\"elementor-widget-container\">\n\t\t\t\t\t\t\t<div class=\"elementor-icon-wrapper\">\n\t\t\t<div class=\"elementor-icon\">\n\t\t\t<svg xmlns=\"http:\/\/www.w3.org\/2000\/svg\" width=\"70\" height=\"70\" viewBox=\"0 0 70 70\" fill=\"none\"><path d=\"M18.7081 46.3458L48.2892 16.7646L44.1645 12.6398L14.5833 42.2211V46.3458H18.7081ZM21.1244 52.1792H8.75V39.8046L42.1021 6.45257C43.2413 5.31356 45.0879 5.31356 46.2268 6.45257L54.4766 14.7022C55.6156 15.8412 55.6156 17.6879 54.4766 18.8269L21.1244 52.1792ZM8.75 58.0125H61.25V63.8458H8.75V58.0125Z\" fill=\"#3F4A2D\"><\/path><\/svg>\t\t\t<\/div>\n\t\t<\/div>\n\t\t\t\t\t\t<\/div>\n\t\t\t\t<\/div>\n\t\t\t\t<div class=\"elementor-element elementor-element-29d5b72 elementor-widget elementor-widget-text-editor\" data-id=\"29d5b72\" data-element_type=\"widget\" data-widget_type=\"text-editor.default\">\n\t\t\t\t<div class=\"elementor-widget-container\">\n\t\t\t\t\t\t\t\t\t<p style=\"text-align: center;\"><strong>El formulario deber\u00e1 ser debidamente completado y firmado<\/strong> por el titular de los datos personales o por su representante legal, cuando corresponda.<\/p>\t\t\t\t\t\t\t\t<\/div>\n\t\t\t\t<\/div>\n\t\t\t\t<\/div>\n\t\t<div class=\"elementor-element elementor-element-1a35cf4 e-con-full e-flex e-con e-child\" data-id=\"1a35cf4\" data-element_type=\"container\" data-settings=\"{&quot;background_background&quot;:&quot;classic&quot;}\">\n\t\t\t\t<div class=\"elementor-element elementor-element-3bc6aae elementor-absolute elementor-widget elementor-widget-text-editor\" data-id=\"3bc6aae\" data-element_type=\"widget\" data-settings=\"{&quot;_position&quot;:&quot;absolute&quot;}\" data-widget_type=\"text-editor.default\">\n\t\t\t\t<div class=\"elementor-widget-container\">\n\t\t\t\t\t\t\t\t\t<p>3<\/p>\t\t\t\t\t\t\t\t<\/div>\n\t\t\t\t<\/div>\n\t\t\t\t<div class=\"elementor-element elementor-element-d90ea3a elementor-view-default elementor-widget elementor-widget-icon\" data-id=\"d90ea3a\" data-element_type=\"widget\" data-widget_type=\"icon.default\">\n\t\t\t\t<div class=\"elementor-widget-container\">\n\t\t\t\t\t\t\t<div class=\"elementor-icon-wrapper\">\n\t\t\t<div class=\"elementor-icon\">\n\t\t\t<svg xmlns=\"http:\/\/www.w3.org\/2000\/svg\" width=\"59\" height=\"53\" viewBox=\"0 0 59 53\" fill=\"none\"><path d=\"M2.91667 0H55.4167C57.0275 0 58.3333 1.30585 58.3333 2.91667V49.5833C58.3333 51.1942 57.0275 52.5 55.4167 52.5H2.91667C1.30585 52.5 0 51.1942 0 49.5833V2.91667C0 1.30585 1.30585 0 2.91667 0ZM52.5 12.3606L29.3761 33.0692L5.83333 12.2965V46.6667H52.5V12.3606ZM7.32509 5.83333L29.3472 25.2642L51.0446 5.83333H7.32509Z\" fill=\"#3F4A2D\"><\/path><\/svg>\t\t\t<\/div>\n\t\t<\/div>\n\t\t\t\t\t\t<\/div>\n\t\t\t\t<\/div>\n\t\t\t\t<div class=\"elementor-element elementor-element-75a07ba text-email-pasos elementor-widget elementor-widget-text-editor\" data-id=\"75a07ba\" data-element_type=\"widget\" data-widget_type=\"text-editor.default\">\n\t\t\t\t<div class=\"elementor-widget-container\">\n\t\t\t\t\t\t\t\t\t<p style=\"text-align: center;\">Enviar el formulario firmado<br \/>al correo electr\u00f3nico: <span style=\"color: #352f1f;\"><strong><a style=\"color: #352f1f;\" href=\"mailto:tratamientodatos@urbanica.com\" target=\"_blank\" rel=\"noopener\" data-fpl-component=\"primitive\">tratamientodatos@urbanica.com.sv<\/a><\/strong><\/span><\/p>\t\t\t\t\t\t\t\t<\/div>\n\t\t\t\t<\/div>\n\t\t\t\t<\/div>\n\t\t\t\t<\/div>\n\t\t<div class=\"elementor-element elementor-element-c9b3cb5 e-grid e-con-full e-con e-child\" data-id=\"c9b3cb5\" data-element_type=\"container\">\n\t\t<div class=\"elementor-element elementor-element-77378c3 e-con-full e-flex e-con e-child\" data-id=\"77378c3\" data-element_type=\"container\" data-settings=\"{&quot;background_background&quot;:&quot;classic&quot;}\">\n\t\t\t\t<div class=\"elementor-element elementor-element-965b0e1 elementor-absolute elementor-widget elementor-widget-text-editor\" data-id=\"965b0e1\" data-element_type=\"widget\" data-settings=\"{&quot;_position&quot;:&quot;absolute&quot;}\" data-widget_type=\"text-editor.default\">\n\t\t\t\t<div class=\"elementor-widget-container\">\n\t\t\t\t\t\t\t\t\t<p>4<\/p>\t\t\t\t\t\t\t\t<\/div>\n\t\t\t\t<\/div>\n\t\t\t\t<div class=\"elementor-element elementor-element-b51bee2 elementor-view-default elementor-widget elementor-widget-icon\" data-id=\"b51bee2\" data-element_type=\"widget\" data-widget_type=\"icon.default\">\n\t\t\t\t<div class=\"elementor-widget-container\">\n\t\t\t\t\t\t\t<div class=\"elementor-icon-wrapper\">\n\t\t\t<div class=\"elementor-icon\">\n\t\t\t<svg xmlns=\"http:\/\/www.w3.org\/2000\/svg\" width=\"59\" height=\"53\" viewBox=\"0 0 59 53\" fill=\"none\"><path d=\"M0 2.91667C0 1.30585 1.30585 0 2.91667 0H24.5414L30.3747 5.83333H55.4167C57.0275 5.83333 58.3333 7.13918 58.3333 8.75V49.5833C58.3333 51.1942 57.0275 52.5 55.4167 52.5H2.91667C1.3125 52.5 0 51.1875 0 49.5833V2.91667ZM25.0419 8.75L22.1252 5.83333H5.83333V11.6667H22.1252L25.0419 8.75ZM5.83333 17.5V46.6667H52.5V11.6667H30.3747L24.5414 17.5H5.83333Z\" fill=\"#3F4A2D\"><\/path><\/svg>\t\t\t<\/div>\n\t\t<\/div>\n\t\t\t\t\t\t<\/div>\n\t\t\t\t<\/div>\n\t\t\t\t<div class=\"elementor-element elementor-element-749c7c2 elementor-widget elementor-widget-text-editor\" data-id=\"749c7c2\" data-element_type=\"widget\" data-widget_type=\"text-editor.default\">\n\t\t\t\t<div class=\"elementor-widget-container\">\n\t\t\t\t\t\t\t\t\t<p>La solicitud podr\u00e1 acompa\u00f1arse de los siguientes documentos:\u00a0<\/p><ul><li>Documento \u00danico de Identidad del titular de datos personales <strong>(obligatorio)<\/strong>.<\/li><li>Documento \u00danico de Identidad del representante y el poder que acredite sus facultades <strong>(si aplica)<\/strong>.<\/li><li>Documento que acredite la representaci\u00f3n legal del ni\u00f1o, ni\u00f1a o adolescente, como certificaci\u00f3n de partida de nacimiento. <strong>(si aplica)<\/strong>.<\/li><li>Documento que acredite el v\u00ednculo con una persona fallecida, como certificaci\u00f3n de partida de defunci\u00f3n <br \/><strong>(si aplica)<\/strong>.<\/li><li>Documentos o pruebas que sustenten la solicitud presentada <strong>(si aplica)<\/strong>.<\/li><\/ul>\t\t\t\t\t\t\t\t<\/div>\n\t\t\t\t<\/div>\n\t\t\t\t<\/div>\n\t\t<div class=\"elementor-element elementor-element-b6e2bdf e-con-full e-flex e-con e-child\" data-id=\"b6e2bdf\" data-element_type=\"container\">\n\t\t<div class=\"elementor-element elementor-element-c9f1d8d e-con-full e-flex e-con e-child\" data-id=\"c9f1d8d\" data-element_type=\"container\" data-settings=\"{&quot;background_background&quot;:&quot;classic&quot;}\">\n\t\t\t\t<div class=\"elementor-element elementor-element-ce67ad7 elementor-absolute elementor-widget elementor-widget-text-editor\" data-id=\"ce67ad7\" data-element_type=\"widget\" data-settings=\"{&quot;_position&quot;:&quot;absolute&quot;}\" data-widget_type=\"text-editor.default\">\n\t\t\t\t<div class=\"elementor-widget-container\">\n\t\t\t\t\t\t\t\t\t<p>5<\/p>\t\t\t\t\t\t\t\t<\/div>\n\t\t\t\t<\/div>\n\t\t\t\t<div class=\"elementor-element elementor-element-86ec9ef elementor-view-default elementor-widget elementor-widget-icon\" data-id=\"86ec9ef\" data-element_type=\"widget\" data-widget_type=\"icon.default\">\n\t\t\t\t<div class=\"elementor-widget-container\">\n\t\t\t\t\t\t\t<div class=\"elementor-icon-wrapper\">\n\t\t\t<div class=\"elementor-icon\">\n\t\t\t<svg xmlns=\"http:\/\/www.w3.org\/2000\/svg\" width=\"66\" height=\"56\" viewBox=\"0 0 66 56\" fill=\"none\"><path d=\"M11.6667 20.4167C13.2775 20.4167 14.5833 21.7225 14.5833 23.3333C19.3514 23.3333 23.7377 24.9678 27.2126 27.7068L33.5417 27.7083C37.4285 27.7083 40.9206 29.3979 43.3239 32.0824L52.5001 32.0833C58.3109 32.0833 63.3279 35.4821 65.672 40.3999C58.7747 49.5016 47.6056 55.4166 35.0001 55.4166C26.8605 55.4166 19.9785 53.6573 14.4058 50.5811C14.002 51.6996 12.9278 52.5 11.6667 52.5H2.91667C1.30585 52.5 0 51.1942 0 49.5833V23.3333C0 21.7225 1.30585 20.4167 2.91667 20.4167H11.6667ZM14.5863 29.1666L14.5833 43.8141L14.7156 43.9089C19.9476 47.5851 26.7695 49.5833 35.0001 49.5833C43.7617 49.5833 51.9126 46.2128 57.8524 40.4559L58.2401 40.0662L57.8924 39.7734C56.5391 38.7146 54.8789 38.0578 53.098 37.9368L52.5001 37.9166H46.3415C46.5544 38.8546 46.6667 39.8308 46.6667 40.8333V43.75H20.4167V37.9166L40.2209 37.9137L40.1206 37.6848C39.0108 35.3701 36.7154 33.7321 34.0212 33.5571L33.5417 33.5416L24.9976 33.5413C22.3514 30.8423 18.6644 29.1675 14.5863 29.1666ZM8.75 26.25H5.83333V46.6666H8.75V26.25ZM49.5834 8.75C54.4157 8.75 58.3334 12.6675 58.3334 17.5C58.3334 22.3325 54.4157 26.25 49.5834 26.25C44.7508 26.25 40.8334 22.3325 40.8334 17.5C40.8334 12.6675 44.7508 8.75 49.5834 8.75ZM49.5834 14.5833C47.9725 14.5833 46.6667 15.8892 46.6667 17.5C46.6667 19.1108 47.9725 20.4167 49.5834 20.4167C51.1943 20.4167 52.5001 19.1108 52.5001 17.5C52.5001 15.8892 51.1943 14.5833 49.5834 14.5833ZM29.1667 0C33.9991 0 37.9167 3.91749 37.9167 8.75C37.9167 13.5825 33.9991 17.5 29.1667 17.5C24.3342 17.5 20.4167 13.5825 20.4167 8.75C20.4167 3.91749 24.3342 0 29.1667 0ZM29.1667 5.83333C27.5559 5.83333 26.2501 7.13915 26.2501 8.75C26.2501 10.3608 27.5559 11.6667 29.1667 11.6667C30.7776 11.6667 32.0834 10.3608 32.0834 8.75C32.0834 7.13915 30.7776 5.83333 29.1667 5.83333Z\" fill=\"#3F4A2D\"><\/path><\/svg>\t\t\t<\/div>\n\t\t<\/div>\n\t\t\t\t\t\t<\/div>\n\t\t\t\t<\/div>\n\t\t\t\t<div class=\"elementor-element elementor-element-ebc1059 elementor-widget elementor-widget-text-editor\" data-id=\"ebc1059\" data-element_type=\"widget\" data-widget_type=\"text-editor.default\">\n\t\t\t\t<div class=\"elementor-widget-container\">\n\t\t\t\t\t\t\t\t\t<p style=\"text-align: center;\"><strong>El ejercicio de los derechos ARCO-POL<\/strong> <br \/>no tendr\u00e1 costo alguno, salvo los gastos de reproducci\u00f3n, certificaci\u00f3n o env\u00edo que resulten necesarios para atender la solicitud.<\/p>\t\t\t\t\t\t\t\t<\/div>\n\t\t\t\t<\/div>\n\t\t\t\t<\/div>\n\t\t<div class=\"elementor-element elementor-element-1317f32 e-con-full e-flex e-con e-child\" data-id=\"1317f32\" data-element_type=\"container\" data-settings=\"{&quot;background_background&quot;:&quot;classic&quot;}\">\n\t\t\t\t<div class=\"elementor-element elementor-element-5fc6595 elementor-widget elementor-widget-text-editor\" data-id=\"5fc6595\" data-element_type=\"widget\" data-widget_type=\"text-editor.default\">\n\t\t\t\t<div class=\"elementor-widget-container\">\n\t\t\t\t\t\t\t\t\t<p style=\"text-align: center;\"><strong>Para ejercer tu derecho click al bot\u00f3n:<\/strong><\/p>\t\t\t\t\t\t\t\t<\/div>\n\t\t\t\t<\/div>\n\t\t\t\t<div class=\"elementor-element elementor-element-7b0eee2 elementor-widget elementor-widget-button\" data-id=\"7b0eee2\" data-element_type=\"widget\" data-widget_type=\"button.default\">\n\t\t\t\t<div class=\"elementor-widget-container\">\n\t\t\t\t\t\t\t\t\t<div class=\"elementor-button-wrapper\">\n\t\t\t\t\t<a class=\"elementor-button elementor-button-link elementor-size-sm\" href=\"https:\/\/portalalcala.com\/index.php\/formularios\/\">\n\t\t\t\t\t\t<span class=\"elementor-button-content-wrapper\">\n\t\t\t\t\t\t\t\t\t<span class=\"elementor-button-text\">EJERCE TU DERECHO<\/span>\n\t\t\t\t\t<\/span>\n\t\t\t\t\t<\/a>\n\t\t\t\t<\/div>\n\t\t\t\t\t\t\t\t<\/div>\n\t\t\t\t<\/div>\n\t\t\t\t<\/div>\n\t\t\t\t<\/div>\n\t\t\t\t<\/div>\n\t\t\t\t<\/div>\n\t\t\t\t<\/div>\n\t\t","protected":false},"excerpt":{"rendered":"<p>Pasos para el ejercicio de derechos ARCO-POL AVISO DE PRIVACIDAD 1 Descargar el formulario correspondiente al derecho que pretende ejercer. 2 El formulario deber\u00e1 ser debidamente completado y firmado por el titular de los datos personales o por su representante legal, cuando corresponda. 3 Enviar el formulario firmadoal correo electr\u00f3nico: tratamientodatos@urbanica.com.sv 4 La solicitud podr\u00e1 [&hellip;]<\/p>\n","protected":false},"author":1,"featured_media":0,"parent":0,"menu_order":0,"comment_status":"closed","ping_status":"closed","template":"","meta":{"footnotes":""},"class_list":["post-4742","page","type-page","status-publish","hentry"],"_links":{"self":[{"href":"https:\/\/portalalcala.com\/index.php\/wp-json\/wp\/v2\/pages\/4742","targetHints":{"allow":["GET"]}}],"collection":[{"href":"https:\/\/portalalcala.com\/index.php\/wp-json\/wp\/v2\/pages"}],"about":[{"href":"https:\/\/portalalcala.com\/index.php\/wp-json\/wp\/v2\/types\/page"}],"author":[{"embeddable":true,"href":"https:\/\/portalalcala.com\/index.php\/wp-json\/wp\/v2\/users\/1"}],"replies":[{"embeddable":true,"href":"https:\/\/portalalcala.com\/index.php\/wp-json\/wp\/v2\/comments?post=4742"}],"version-history":[{"count":35,"href":"https:\/\/portalalcala.com\/index.php\/wp-json\/wp\/v2\/pages\/4742\/revisions"}],"predecessor-version":[{"id":4864,"href":"https:\/\/portalalcala.com\/index.php\/wp-json\/wp\/v2\/pages\/4742\/revisions\/4864"}],"wp:attachment":[{"href":"https:\/\/portalalcala.com\/index.php\/wp-json\/wp\/v2\/media?parent=4742"}],"curies":[{"name":"wp","href":"https:\/\/api.w.org\/{rel}","templated":true}]}}