{"id":4183,"date":"2025-11-04T15:01:12","date_gmt":"2025-11-04T20:01:12","guid":{"rendered":"https:\/\/portalalcala.com\/?page_id=4183"},"modified":"2025-11-05T13:55:53","modified_gmt":"2025-11-05T18:55:53","slug":"novedades","status":"publish","type":"page","link":"https:\/\/portalalcala.com\/index.php\/novedades\/","title":{"rendered":"Novedades"},"content":{"rendered":"\t\t<div data-elementor-type=\"wp-page\" data-elementor-id=\"4183\" class=\"elementor elementor-4183\" data-elementor-post-type=\"page\">\n\t\t\t\t<div class=\"elementor-element elementor-element-e583ffd e-flex e-con-boxed e-con e-parent\" data-id=\"e583ffd\" data-element_type=\"container\" data-settings=\"{&quot;background_background&quot;:&quot;classic&quot;}\">\n\t\t\t\t\t<div class=\"e-con-inner\">\n\t\t<div class=\"elementor-element elementor-element-75ef03a e-con-full e-flex e-con e-child\" data-id=\"75ef03a\" data-element_type=\"container\">\n\t\t\t\t<div class=\"elementor-element elementor-element-715154d elementor-widget elementor-widget-heading\" data-id=\"715154d\" data-element_type=\"widget\" data-widget_type=\"heading.default\">\n\t\t\t\t<div class=\"elementor-widget-container\">\n\t\t\t\t\t<h2 class=\"elementor-heading-title elementor-size-default\"><span style=\"font-family: hertine;font-size: 40px\"> Novedades <\/SPAN> <\/br>\nMANTENTE AL D\u00cdA CON TODO LO QUE SUCEDE EN PORTAL ALCAL\u00c1<\/h2>\t\t\t\t<\/div>\n\t\t\t\t<\/div>\n\t\t\t\t<div class=\"elementor-element elementor-element-dadc125 elementor-widget elementor-widget-text-editor\" data-id=\"dadc125\" data-element_type=\"widget\" data-widget_type=\"text-editor.default\">\n\t\t\t\t<div class=\"elementor-widget-container\">\n\t\t\t\t\t\t\t\t\t<p>En esta secci\u00f3n encontrar\u00e1s las \u00faltimas noticias, eventos, avances de obra y momentos especiales que marcan el desarrollo de nuestro proyecto.<br \/>Descubre c\u00f3mo cada detalle cobra vida y acomp\u00e1\u00f1anos en el camino hacia la creaci\u00f3n de un nuevo espacio para vivir con estilo, confort y calidad.<\/p>\t\t\t\t\t\t\t\t<\/div>\n\t\t\t\t<\/div>\n\t\t\t\t<\/div>\n\t\t<div class=\"elementor-element elementor-element-cbb4597 e-con-full e-flex e-con e-child\" data-id=\"cbb4597\" data-element_type=\"container\">\n\t\t\t\t<div class=\"elementor-element elementor-element-5660ca4 elementor-widget elementor-widget-image\" data-id=\"5660ca4\" data-element_type=\"widget\" data-widget_type=\"image.default\">\n\t\t\t\t<div class=\"elementor-widget-container\">\n\t\t\t\t\t\t\t\t\t\t\t\t\t\t\t<img fetchpriority=\"high\" decoding=\"async\" width=\"800\" height=\"457\" src=\"https:\/\/portalalcala.com\/wp-content\/uploads\/2025\/08\/04-FACHADA-SUR-1024x585.webp\" class=\"attachment-large size-large wp-image-3939\" alt=\"\" srcset=\"https:\/\/portalalcala.com\/wp-content\/uploads\/2025\/08\/04-FACHADA-SUR-1024x585.webp 1024w, https:\/\/portalalcala.com\/wp-content\/uploads\/2025\/08\/04-FACHADA-SUR-300x171.webp 300w, https:\/\/portalalcala.com\/wp-content\/uploads\/2025\/08\/04-FACHADA-SUR-768x439.webp 768w, https:\/\/portalalcala.com\/wp-content\/uploads\/2025\/08\/04-FACHADA-SUR-1536x878.webp 1536w, https:\/\/portalalcala.com\/wp-content\/uploads\/2025\/08\/04-FACHADA-SUR.webp 2000w\" sizes=\"(max-width: 800px) 100vw, 800px\" \/>\t\t\t\t\t\t\t\t\t\t\t\t\t\t\t<\/div>\n\t\t\t\t<\/div>\n\t\t\t\t<\/div>\n\t\t\t\t\t<\/div>\n\t\t\t\t<\/div>\n\t\t<div class=\"elementor-element elementor-element-30ddd20 e-flex e-con-boxed e-con e-parent\" data-id=\"30ddd20\" data-element_type=\"container\">\n\t\t\t\t\t<div class=\"e-con-inner\">\n\t\t\t\t<div class=\"elementor-element elementor-element-f38c9a9 elementor-grid-3 elementor-grid-tablet-2 elementor-grid-mobile-1 elementor-posts--thumbnail-top elementor-widget elementor-widget-posts\" data-id=\"f38c9a9\" data-element_type=\"widget\" data-settings=\"{&quot;classic_columns&quot;:&quot;3&quot;,&quot;classic_columns_tablet&quot;:&quot;2&quot;,&quot;classic_columns_mobile&quot;:&quot;1&quot;,&quot;classic_row_gap&quot;:{&quot;unit&quot;:&quot;px&quot;,&quot;size&quot;:35,&quot;sizes&quot;:[]},&quot;classic_row_gap_laptop&quot;:{&quot;unit&quot;:&quot;px&quot;,&quot;size&quot;:&quot;&quot;,&quot;sizes&quot;:[]},&quot;classic_row_gap_tablet&quot;:{&quot;unit&quot;:&quot;px&quot;,&quot;size&quot;:&quot;&quot;,&quot;sizes&quot;:[]},&quot;classic_row_gap_mobile&quot;:{&quot;unit&quot;:&quot;px&quot;,&quot;size&quot;:&quot;&quot;,&quot;sizes&quot;:[]}}\" data-widget_type=\"posts.classic\">\n\t\t\t\t<div class=\"elementor-widget-container\">\n\t\t\t\t\t\t\t<div class=\"elementor-posts-container elementor-posts elementor-posts--skin-classic elementor-grid\" role=\"list\">\n\t\t\t\t<article class=\"elementor-post elementor-grid-item post-4203 post type-post status-publish format-standard has-post-thumbnail hentry category-lanzamiento\" role=\"listitem\">\n\t\t\t\t<a class=\"elementor-post__thumbnail__link\" href=\"https:\/\/portalalcala.com\/index.php\/2025\/11\/04\/urbanica-celebra-el-lanzamiento-de-portal-de-alcala\/\" tabindex=\"-1\" >\n\t\t\t<div class=\"elementor-post__thumbnail\"><img decoding=\"async\" width=\"300\" height=\"183\" src=\"https:\/\/portalalcala.com\/wp-content\/uploads\/2025\/11\/img_post-lanzamiento_portal-alcala-300x183.png\" class=\"attachment-medium size-medium wp-image-4205\" alt=\"\" srcset=\"https:\/\/portalalcala.com\/wp-content\/uploads\/2025\/11\/img_post-lanzamiento_portal-alcala-300x183.png 300w, https:\/\/portalalcala.com\/wp-content\/uploads\/2025\/11\/img_post-lanzamiento_portal-alcala-1024x625.png 1024w, https:\/\/portalalcala.com\/wp-content\/uploads\/2025\/11\/img_post-lanzamiento_portal-alcala-768x469.png 768w, https:\/\/portalalcala.com\/wp-content\/uploads\/2025\/11\/img_post-lanzamiento_portal-alcala.png 1206w\" sizes=\"(max-width: 300px) 100vw, 300px\" \/><\/div>\n\t\t<\/a>\n\t\t\t\t<div class=\"elementor-post__text\">\n\t\t\t\t<h3 class=\"elementor-post__title\">\n\t\t\t<a href=\"https:\/\/portalalcala.com\/index.php\/2025\/11\/04\/urbanica-celebra-el-lanzamiento-de-portal-de-alcala\/\" >\n\t\t\t\tUrb\u00e1nica celebra el lanzamiento de Portal Alcal\u00e1\t\t\t<\/a>\n\t\t<\/h3>\n\t\t\t\t<div class=\"elementor-post__meta-data\">\n\t\t\t\t\t<span class=\"elementor-post-date\">\n\t\t\t4 noviembre, 2025\t\t<\/span>\n\t\t\t\t<\/div>\n\t\t\t\t<div class=\"elementor-post__excerpt\">\n\t\t\t<p>El pasado 27 de agosto, Urb\u00e1nica presento oficialmente Portal Alcal\u00e1, un nuevo proyecto vertical, que contara con dos torres y un total de 336 apartamentos, ubicado en Distrito El Espino,<\/p>\n\t\t<\/div>\n\t\t\t\t\t<div class=\"elementor-post__read-more-wrapper\">\n\t\t\n\t\t<a class=\"elementor-post__read-more\" href=\"https:\/\/portalalcala.com\/index.php\/2025\/11\/04\/urbanica-celebra-el-lanzamiento-de-portal-de-alcala\/\" aria-label=\"Read more about Urb\u00e1nica celebra el lanzamiento de Portal Alcal\u00e1\" tabindex=\"-1\" >\n\t\t\tVER M\u00c1S\t\t<\/a>\n\n\t\t\t\t\t<\/div>\n\t\t\t\t<\/div>\n\t\t\t\t<\/article>\n\t\t\t\t<\/div>\n\t\t\n\t\t\t\t\t\t<\/div>\n\t\t\t\t<\/div>\n\t\t\t\t\t<\/div>\n\t\t\t\t<\/div>\n\t\t\t\t<\/div>\n\t\t","protected":false},"excerpt":{"rendered":"<p>Novedades MANTENTE AL D\u00cdA CON TODO LO QUE SUCEDE EN PORTAL ALCAL\u00c1 En esta secci\u00f3n encontrar\u00e1s las \u00faltimas noticias, eventos, avances de obra y momentos especiales que marcan el desarrollo de nuestro proyecto.Descubre c\u00f3mo cada detalle cobra vida y acomp\u00e1\u00f1anos en el camino hacia la creaci\u00f3n de un nuevo espacio para vivir con estilo, confort [&hellip;]<\/p>\n","protected":false},"author":1,"featured_media":0,"parent":0,"menu_order":0,"comment_status":"closed","ping_status":"closed","template":"","meta":{"footnotes":""},"class_list":["post-4183","page","type-page","status-publish","hentry"],"_links":{"self":[{"href":"https:\/\/portalalcala.com\/index.php\/wp-json\/wp\/v2\/pages\/4183","targetHints":{"allow":["GET"]}}],"collection":[{"href":"https:\/\/portalalcala.com\/index.php\/wp-json\/wp\/v2\/pages"}],"about":[{"href":"https:\/\/portalalcala.com\/index.php\/wp-json\/wp\/v2\/types\/page"}],"author":[{"embeddable":true,"href":"https:\/\/portalalcala.com\/index.php\/wp-json\/wp\/v2\/users\/1"}],"replies":[{"embeddable":true,"href":"https:\/\/portalalcala.com\/index.php\/wp-json\/wp\/v2\/comments?post=4183"}],"version-history":[{"count":28,"href":"https:\/\/portalalcala.com\/index.php\/wp-json\/wp\/v2\/pages\/4183\/revisions"}],"predecessor-version":[{"id":4287,"href":"https:\/\/portalalcala.com\/index.php\/wp-json\/wp\/v2\/pages\/4183\/revisions\/4287"}],"wp:attachment":[{"href":"https:\/\/portalalcala.com\/index.php\/wp-json\/wp\/v2\/media?parent=4183"}],"curies":[{"name":"wp","href":"https:\/\/api.w.org\/{rel}","templated":true}]}}